{"id":2906,"date":"2019-01-25T14:30:26","date_gmt":"2019-01-25T13:30:26","guid":{"rendered":"https:\/\/www.apicsacongreso.com\/alojamientos\/"},"modified":"2023-09-17T12:24:41","modified_gmt":"2023-09-17T10:24:41","slug":"alojamientos","status":"publish","type":"page","link":"https:\/\/www.apicsacongreso.com\/pt-br\/alojamientos\/","title":{"rendered":"Hot\u00e9is"},"content":{"rendered":"<p><div class=\"fusion-fullwidth fullwidth-box nonhundred-percent-fullwidth non-hundred-percent-height-scrolling\"  style='background-color: #fafafa;background-position: center center;background-repeat: no-repeat;padding-top:30px;padding-right:0px;padding-bottom:30px;padding-left:0px;'><div class=\"fusion-builder-row fusion-row \"><div  class=\"fusion-layout-column fusion_builder_column fusion_builder_column_4_5  fusion-four-fifth fusion-column-first 4_5\"  style='margin-top:0px;margin-bottom:20px;width:79.2%; margin-right: 4%;'>\n\t\t\t\t\t<div class=\"fusion-column-wrapper\" style=\"padding: 0px 0px 0px 0px;background-position:left top;background-repeat:no-repeat;-webkit-background-size:cover;-moz-background-size:cover;-o-background-size:cover;background-size:cover;\"  data-bg-url=\"\">\n\t\t\t\t\t\t<div class=\"fusion-title title fusion-sep-none fusion-title-size-three\" style=\"margin-top:0px;margin-bottom:31px;\"><h3 class=\"title-heading-left\">Hotel Sede, local do congresso<\/h3><\/div><div class=\"fusion-text\"><p><img loading=\"lazy\" src=\"https:\/\/www.apicsacongreso.com\/wp-content\/uploads\/2023\/09\/Foto-Hotel-Los-Abades-3-300x255.png\" alt=\"\" width=\"300\" height=\"255\" class=\"alignnone size-medium wp-image-6974\" srcset=\"https:\/\/www.apicsacongreso.com\/wp-content\/uploads\/2023\/09\/Foto-Hotel-Los-Abades-3-200x170.png 200w, https:\/\/www.apicsacongreso.com\/wp-content\/uploads\/2023\/09\/Foto-Hotel-Los-Abades-3-300x255.png 300w, https:\/\/www.apicsacongreso.com\/wp-content\/uploads\/2023\/09\/Foto-Hotel-Los-Abades-3-400x340.png 400w, https:\/\/www.apicsacongreso.com\/wp-content\/uploads\/2023\/09\/Foto-Hotel-Los-Abades-3-500x425.png 500w, https:\/\/www.apicsacongreso.com\/wp-content\/uploads\/2023\/09\/Foto-Hotel-Los-Abades-3-600x510.png 600w, https:\/\/www.apicsacongreso.com\/wp-content\/uploads\/2023\/09\/Foto-Hotel-Los-Abades-3-700x594.png 700w, https:\/\/www.apicsacongreso.com\/wp-content\/uploads\/2023\/09\/Foto-Hotel-Los-Abades-3-768x652.png 768w, https:\/\/www.apicsacongreso.com\/wp-content\/uploads\/2023\/09\/Foto-Hotel-Los-Abades-3-800x679.png 800w, https:\/\/www.apicsacongreso.com\/wp-content\/uploads\/2023\/09\/Foto-Hotel-Los-Abades-3-1024x870.png 1024w, https:\/\/www.apicsacongreso.com\/wp-content\/uploads\/2023\/09\/Foto-Hotel-Los-Abades-3-1200x1019.png 1200w, https:\/\/www.apicsacongreso.com\/wp-content\/uploads\/2023\/09\/Foto-Hotel-Los-Abades-3.png 1499w\" sizes=\"(max-width: 300px) 100vw, 300px\" \/><\/p>\n<p>Os participantes do congresso que desejarem reservar um quarto no <strong>Hotel Abades Nevada Palace ****, onde o congresso ser\u00e1 realizado<\/strong>, podem clicar no link a seguir, que os levar\u00e1 diretamente ao site do hotel, onde poder\u00e3o reservar um quarto com tarifas especiais para os participantes do evento. O link \u00e9 o seguinte:<\/p>\n<p><strong><a href=\"https:\/\/www.abadeshoteles.com\/es\/bookcore\/availability\/nevadabades\/2024-10-15\/2024-10-16\/?cp=CONGPSICO\" target=\"_blank\" rel=\"noopener\">Hotel Abades Nevada Palace, sede del congreso<\/a><\/strong><\/p>\n<p>Mais informa\u00e7\u00f5es sobre o Hotel Abades Nevada Palace****<br \/>\nEndere\u00e7o: Calle de la Sultana, 3, 18008 Granada (Espanha).<br \/>\nTelefone: (+34) 958 809 999<\/p>\n<\/div><div class=\"fusion-clearfix\"><\/div>\n\n\t\t\t\t\t<\/div>\n\t\t\t\t<\/div><\/div><\/div><div class=\"fusion-fullwidth fullwidth-box nonhundred-percent-fullwidth non-hundred-percent-height-scrolling\"  style='background-color: #fafafa;background-position: center center;background-repeat: no-repeat;padding-top:30px;padding-right:0px;padding-bottom:30px;padding-left:0px;'><div class=\"fusion-builder-row fusion-row \"><div  class=\"fusion-layout-column fusion_builder_column fusion_builder_column_4_5  fusion-four-fifth fusion-column-first 4_5\"  style='margin-top:0px;margin-bottom:20px;width:79.2%; margin-right: 4%;'>\n\t\t\t\t\t<div class=\"fusion-column-wrapper\" style=\"padding: 0px 0px 0px 0px;background-position:left top;background-repeat:no-repeat;-webkit-background-size:cover;-moz-background-size:cover;-o-background-size:cover;background-size:cover;\"  data-bg-url=\"\">\n\t\t\t\t\t\t<div class=\"fusion-title title fusion-sep-none fusion-title-size-three\" style=\"margin-top:0px;margin-bottom:31px;\"><h3 class=\"title-heading-left\"><strong>Outros hot\u00e9is<\/strong><\/h3><\/div><div class=\"fusion-text\"><p>H\u00e1 muitos outros hot\u00e9is, albergues e pens\u00f5es em Granada com uma ampla variedade de pre\u00e7os. Voc\u00ea pode pesquisar e reserv\u00e1-los on-line.<\/p>\n<\/div><div class=\"fusion-clearfix\"><\/div>\n\n\t\t\t\t\t<\/div>\n\t\t\t\t<\/div><div  class=\"fusion-layout-column fusion_builder_column fusion_builder_column_1_3  fusion-one-third fusion-column-first 1_3\"  style='margin-top:0px;margin-bottom:20px;width:33.33%;width:calc(33.33% - ( ( 4% ) * 0.3333 ) );margin-right: 4%;'>\n\t\t\t\t\t<div class=\"fusion-column-wrapper\" style=\"padding: 0px 0px 0px 0px;background-position:left top;background-repeat:no-repeat;-webkit-background-size:cover;-moz-background-size:cover;-o-background-size:cover;background-size:cover;\"  data-bg-url=\"\">\n\t\t\t\t\t\t<span class=\"fusion-imageframe imageframe-none imageframe-1 hover-type-none\"><img loading=\"lazy\" src=\"https:\/\/www.apicsacongreso.com\/wp-content\/uploads\/2023\/09\/Reyes-Catolicos-1-300x199.png\" width=\"300\" height=\"199\" alt=\"\" title=\"Reyes Catolicos 1\" class=\"img-responsive wp-image-6959\" srcset=\"https:\/\/www.apicsacongreso.com\/wp-content\/uploads\/2023\/09\/Reyes-Catolicos-1-200x133.png 200w, https:\/\/www.apicsacongreso.com\/wp-content\/uploads\/2023\/09\/Reyes-Catolicos-1-400x265.png 400w, https:\/\/www.apicsacongreso.com\/wp-content\/uploads\/2023\/09\/Reyes-Catolicos-1-600x398.png 600w, https:\/\/www.apicsacongreso.com\/wp-content\/uploads\/2023\/09\/Reyes-Catolicos-1-800x530.png 800w, https:\/\/www.apicsacongreso.com\/wp-content\/uploads\/2023\/09\/Reyes-Catolicos-1-1200x795.png 1200w\" sizes=\"(max-width: 800px) 100vw, 300px\" \/><\/span><div class=\"fusion-title title fusion-sep-none fusion-title-size-six\" style=\"margin-top:30px;margin-bottom:31px;\"><h6 class=\"title-heading-left\"><\/h6><\/div><div class=\"fusion-clearfix\"><\/div>\n\n\t\t\t\t\t<\/div>\n\t\t\t\t<\/div><div  class=\"fusion-layout-column fusion_builder_column fusion_builder_column_1_3  fusion-one-third fusion-column-last 1_3\"  style='margin-top:0px;margin-bottom:20px;width:33.33%;width:calc(33.33% - ( ( 4% ) * 0.3333 ) );'>\n\t\t\t\t\t<div class=\"fusion-column-wrapper\" style=\"padding: 0px 0px 0px 0px;background-position:left top;background-repeat:no-repeat;-webkit-background-size:cover;-moz-background-size:cover;-o-background-size:cover;background-size:cover;\"  data-bg-url=\"\">\n\t\t\t\t\t\t<span class=\"fusion-imageframe imageframe-none imageframe-2 hover-type-none\"><img loading=\"lazy\" src=\"https:\/\/www.apicsacongreso.com\/wp-content\/uploads\/2023\/09\/Carrera-del-Darro-1-300x199.png\" width=\"300\" height=\"199\" alt=\"\" title=\"Carrera del Darro 1\" class=\"img-responsive wp-image-6962\" srcset=\"https:\/\/www.apicsacongreso.com\/wp-content\/uploads\/2023\/09\/Carrera-del-Darro-1-200x133.png 200w, https:\/\/www.apicsacongreso.com\/wp-content\/uploads\/2023\/09\/Carrera-del-Darro-1-400x266.png 400w, https:\/\/www.apicsacongreso.com\/wp-content\/uploads\/2023\/09\/Carrera-del-Darro-1-600x399.png 600w, https:\/\/www.apicsacongreso.com\/wp-content\/uploads\/2023\/09\/Carrera-del-Darro-1-800x532.png 800w, https:\/\/www.apicsacongreso.com\/wp-content\/uploads\/2023\/09\/Carrera-del-Darro-1-1200x798.png 1200w\" sizes=\"(max-width: 800px) 100vw, 300px\" \/><\/span><div class=\"fusion-title title fusion-sep-none fusion-title-size-six\" style=\"margin-top:30px;margin-bottom:31px;\"><h6 class=\"title-heading-left\"><\/h6><\/div><div class=\"fusion-clearfix\"><\/div>\n\n\t\t\t\t\t<\/div>\n\t\t\t\t<\/div><\/div><\/div><div class=\"fusion-fullwidth fullwidth-box nonhundred-percent-fullwidth non-hundred-percent-height-scrolling\"  style='background-color: #ffffff;background-position: center center;background-repeat: no-repeat;padding-top:60px;padding-right:0px;padding-bottom:60px;padding-left:0px;'><div class=\"fusion-builder-row fusion-row \"><div  class=\"fusion-layout-column fusion_builder_column fusion_builder_column_2_3  fusion-two-third fusion-column-first 2_3\"  style='margin-top:0px;margin-bottom:20px;width:66.66%;width:calc(66.66% - ( ( 4% ) * 0.6666 ) );margin-right: 4%;'>\n\t\t\t\t\t<div class=\"fusion-column-wrapper\" style=\"padding: 0px 0px 0px 0px;background-position:left top;background-repeat:no-repeat;-webkit-background-size:cover;-moz-background-size:cover;-o-background-size:cover;background-size:cover;\"  data-bg-url=\"\">\n\t\t\t\t\t\t<div class=\"fusion-title title fusion-sep-none fusion-title-size-four\" style=\"margin-top:0px;margin-bottom:31px;\"><h4 class=\"title-heading-left\"><strong>Reservas no m\u00eas de outubro de 2024 na cidade de Granada<\/strong><\/h4><\/div><div class=\"fusion-text\"><p>Recomendamos que voc\u00ea reserve um hotel <strong>o mais r\u00e1pido poss\u00edvel<\/strong>, assim que tiver certeza de que participar\u00e1 do congresso, seja no <strong>Hotel Abades Nevada Palace****<\/strong> ou em qualquer outro hotel, pois Granada \u00e9 uma cidade muito tur\u00edstica e o m\u00eas de outubro tem temperaturas agrad\u00e1veis que incentivam ainda mais a visita a Granada.<\/p>\n<\/div><div class=\"fusion-clearfix\"><\/div>\n\n\t\t\t\t\t<\/div>\n\t\t\t\t<\/div><\/div><\/div><\/p>\n","protected":false},"excerpt":{"rendered":"","protected":false},"author":1,"featured_media":0,"parent":0,"menu_order":0,"comment_status":"closed","ping_status":"closed","template":"100-width.php","meta":{"_mi_skip_tracking":false},"_links":{"self":[{"href":"https:\/\/www.apicsacongreso.com\/pt-br\/wp-json\/wp\/v2\/pages\/2906\/"}],"collection":[{"href":"https:\/\/www.apicsacongreso.com\/pt-br\/wp-json\/wp\/v2\/pages\/"}],"about":[{"href":"https:\/\/www.apicsacongreso.com\/pt-br\/wp-json\/wp\/v2\/types\/page\/"}],"author":[{"embeddable":true,"href":"https:\/\/www.apicsacongreso.com\/pt-br\/wp-json\/wp\/v2\/users\/1\/"}],"replies":[{"embeddable":true,"href":"https:\/\/www.apicsacongreso.com\/pt-br\/wp-json\/wp\/v2\/comments\/?post=2906"}],"version-history":[{"count":11,"href":"https:\/\/www.apicsacongreso.com\/pt-br\/wp-json\/wp\/v2\/pages\/2906\/revisions\/"}],"predecessor-version":[{"id":7125,"href":"https:\/\/www.apicsacongreso.com\/pt-br\/wp-json\/wp\/v2\/pages\/2906\/revisions\/7125\/"}],"wp:attachment":[{"href":"https:\/\/www.apicsacongreso.com\/pt-br\/wp-json\/wp\/v2\/media\/?parent=2906"}],"curies":[{"name":"wp","href":"https:\/\/api.w.org\/{rel}","templated":true}]}}