{"id":3071,"date":"2019-01-25T09:46:01","date_gmt":"2019-01-25T08:46:01","guid":{"rendered":"https:\/\/www.apicsacongreso.com\/listado-precios\/"},"modified":"2024-07-01T11:02:37","modified_gmt":"2024-07-01T09:02:37","slug":"listado-precios","status":"publish","type":"page","link":"https:\/\/www.apicsacongreso.com\/pt-br\/listado-precios\/","title":{"rendered":"Lista de Pre\u00e7os"},"content":{"rendered":"<div class=\"fusion-fullwidth fullwidth-box nonhundred-percent-fullwidth non-hundred-percent-height-scrolling\"  style='background-color: #ffffff;background-position: center center;background-repeat: no-repeat;padding-top:0px;padding-right:0px;padding-bottom:0px;padding-left:0px;'><div class=\"fusion-builder-row fusion-row \"><div  class=\"fusion-layout-column fusion_builder_column fusion_builder_column_3_4  fusion-three-fourth fusion-column-first 3_4\"  style='margin-top:0px;margin-bottom:20px;width:74%; margin-right: 4%;'>\n\t\t\t\t\t<div class=\"fusion-column-wrapper\" style=\"padding: 0px 0px 0px 0px;background-position:left top;background-repeat:no-repeat;-webkit-background-size:cover;-moz-background-size:cover;-o-background-size:cover;background-size:cover;\"  data-bg-url=\"\">\n\t\t\t\t\t\t<div class=\"fusion-text\"><p align=\"justify\">Note que o <strong>registro on-line e pagamento da inscri\u00e7\u00e3o<\/strong> podem ser feitos at\u00e9 o dia <strong>15 de Setembro de 2024<\/strong>. A partir desta data, aqueles que desejam participar do Congresso devem inscrever-se diretamente no local do Congresso e o \u00fanico m\u00e9todo de pagamento em dinheiro (em euros).<\/p>\n<p>Esclarecemos que <strong>&#8220;Membros de entidades colaboradoras&#8221;<\/strong> se refere a membros de associa\u00e7\u00f5es, conselhos de psic\u00f3logos ou \u00f3rg\u00e3os profissionais em geral ou qualquer outro profissional que perten\u00e7a a um organismo que tenha concordado em colaborar na divulga\u00e7\u00e3o do congresso. Voc\u00ea pode se inscrever sem participar do <strong>jantar<\/strong> (por default) ou participando dele. <strong>O pre\u00e7o do jantar \u00e9 de 55 euros<\/strong> (pre\u00e7o estabelecido pelo hotel sede) e ser\u00e1 realizado no hotel onde o congresso ser\u00e1 realizado. Algumas outras perguntas freq\u00fcentes sobre a apresenta\u00e7\u00e3o de trabalhos est\u00e3o respondidas na se\u00e7\u00e3o do <strong>FAQs <\/strong>(na se\u00e7\u00e3o de <strong>Informa\u00e7\u00e3o<\/strong>).<\/p>\n<\/div><div class=\"fusion-clearfix\"><\/div>\n\n\t\t\t\t\t<\/div>\n\t\t\t\t<\/div><div  class=\"fusion-layout-column fusion_builder_column fusion_builder_column_1_1  fusion-one-full fusion-column-last 1_1\"  style='margin-top:0px;margin-bottom:20px;'>\n\t\t\t\t\t<div class=\"fusion-column-wrapper\" style=\"padding: 0px 0px 0px 0px;background-position:left top;background-repeat:no-repeat;-webkit-background-size:cover;-moz-background-size:cover;-o-background-size:cover;background-size:cover;\"  data-bg-url=\"\">\n\t\t\t\t\t\t<div class=\"fusion-text\"><h4>Pre\u00e7os da inscri\u00e7\u00e3o ao Congresso<\/h4>\n<\/div>\n<div class=\"table-1\">\n<table width=\"100%\">\n<thead>\n<tr>\n<th align=\"left\">Categorias<\/th>\n<th align=\"left\"><\/th>\n<th align=\"left\">Pre\u00e7os inscri\u00e7\u00e3o congresso<\/th>\n<\/tr>\n<\/thead>\n<tbody>\n<tr>\n<td align=\"left\">Profissionais<\/td>\n<td align=\"left\"><\/td>\n<td align=\"left\">275 euros<\/td>\n<\/tr>\n<tr>\n<td align=\"left\">Membros do COP Espanha e entidades colaboradoras<\/td>\n<td align=\"left\"><\/td>\n<td align=\"left\">235 euros<\/td>\n<\/tr>\n<tr>\n<td align=\"left\">Membros de APICSA<\/td>\n<td align=\"left\"><\/td>\n<td align=\"left\">210 euros<\/td>\n<\/tr>\n<tr>\n<td align=\"left\">Estudantes de p\u00f3s-gradua\u00e7\u00e3o<\/td>\n<td align=\"left\"><\/td>\n<td align=\"left\">200 euros<\/td>\n<\/tr>\n<tr>\n<td align=\"left\">Estudantes de gradua\u00e7\u00e3o<\/td>\n<td align=\"left\"><\/td>\n<td align=\"left\">170 euros<\/td>\n<\/tr>\n<\/tbody>\n<\/table>\n<\/div>\n<div class=\"fusion-clearfix\"><\/div>\n\n\t\t\t\t\t<\/div>\n\t\t\t\t<\/div><div  class=\"fusion-layout-column fusion_builder_column fusion_builder_column_1_1  fusion-one-full fusion-column-first fusion-column-last 1_1\"  style='margin-top:3%;margin-bottom:20px;'>\n\t\t\t\t\t<div class=\"fusion-column-wrapper\" style=\"padding: 0px 0px 0px 0px;background-position:left top;background-repeat:no-repeat;-webkit-background-size:cover;-moz-background-size:cover;-o-background-size:cover;background-size:cover;\"  data-bg-url=\"\">\n\t\t\t\t\t\t<div class=\"fusion-text\"><h4>Inscri\u00e7\u00e3o para os workshops (pre\u00e7o por workshop)<\/h4>\n<\/div>\n<div class=\"table-1\">\n<table width=\"100%\">\n<thead>\n<tr>\n<th align=\"left\">Categorias<\/th>\n<th align=\"left\"><\/th>\n<th align=\"left\">Pre\u00e7os workshops<\/th>\n<\/tr>\n<\/thead>\n<tbody>\n<tr>\n<td align=\"left\">Profissionais<span class=\"Apple-converted-space\"><br \/>\n<\/span><\/td>\n<td align=\"left\"><\/td>\n<td align=\"left\">65 euros<\/td>\n<\/tr>\n<tr>\n<td align=\"left\"><span class=\"Apple-converted-space\">Membros do COP Espanha e entidades colaboradoras<\/span><\/td>\n<td align=\"left\"><\/td>\n<td align=\"left\">55 euros<\/td>\n<\/tr>\n<tr>\n<td align=\"left\">Membros de APICSA<\/td>\n<td align=\"left\"><\/td>\n<td align=\"left\">50 euros<\/td>\n<\/tr>\n<tr>\n<td align=\"left\">Estudantes de gradua\u00e7\u00e3o e p\u00f3s-gradua\u00e7\u00e3o<\/td>\n<td align=\"left\"><\/td>\n<td align=\"left\">50 euros<\/td>\n<\/tr>\n<\/tbody>\n<\/table>\n<\/div>\n<div class=\"fusion-clearfix\"><\/div>\n\n\t\t\t\t\t<\/div>\n\t\t\t\t<\/div><div  class=\"fusion-layout-column fusion_builder_column fusion_builder_column_3_4  fusion-three-fourth fusion-column-first 3_4\"  style='margin-top:0px;margin-bottom:20px;width:75%;width:calc(75% - ( ( 4% ) * 0.75 ) );margin-right: 4%;'>\n\t\t\t\t\t<div class=\"fusion-column-wrapper\" style=\"padding: 0px 0px 0px 0px;background-position:left top;background-repeat:no-repeat;-webkit-background-size:cover;-moz-background-size:cover;-o-background-size:cover;background-size:cover;\"  data-bg-url=\"\">\n\t\t\t\t\t\t<div class=\"fusion-text\"><h4>Registro como membro da APICSA se fosse assistir ao congresso<\/h4>\n<p>Taxa APICSA anual (incluindo o envio da revista em PDF, n\u00e3o impressa)<\/p>\n<p>Se voc\u00ea se tornar um membro da APICSA ao mesmo tempo em que se inscrever no congresso, o pre\u00e7o a pagar pela associa\u00e7\u00e3o (profissionais e estudantes) ser\u00e1 de <strong>39 euros<\/strong> e voc\u00ea receber\u00e1 em PDF (n\u00e3o impresso) a revista <strong>Behavioral Psychology\/Psicolog\u00eda Conductual<\/strong>.<\/p>\n<p>A taxa de inscri\u00e7\u00e3o inclui a admiss\u00e3o ao Congresso, documenta\u00e7\u00e3o (identifica\u00e7\u00e3o e Anais do congresso) e o certificado de participa\u00e7\u00e3o.<\/p>\n<p>Os estudantes devem enviar por e-mail uma c\u00f3pia da matr\u00edcula ou carteira de estudante com data vigente por e-mail para a secretaria do congresso (<strong>apicsacongreso@msn.com<\/strong>).<\/p>\n<\/div><div class=\"fusion-clearfix\"><\/div>\n\n\t\t\t\t\t<\/div>\n\t\t\t\t<\/div><\/div><\/div>\n","protected":false},"excerpt":{"rendered":"","protected":false},"author":1,"featured_media":0,"parent":0,"menu_order":0,"comment_status":"closed","ping_status":"closed","template":"100-width.php","meta":{"_mi_skip_tracking":false},"_links":{"self":[{"href":"https:\/\/www.apicsacongreso.com\/pt-br\/wp-json\/wp\/v2\/pages\/3071\/"}],"collection":[{"href":"https:\/\/www.apicsacongreso.com\/pt-br\/wp-json\/wp\/v2\/pages\/"}],"about":[{"href":"https:\/\/www.apicsacongreso.com\/pt-br\/wp-json\/wp\/v2\/types\/page\/"}],"author":[{"embeddable":true,"href":"https:\/\/www.apicsacongreso.com\/pt-br\/wp-json\/wp\/v2\/users\/1\/"}],"replies":[{"embeddable":true,"href":"https:\/\/www.apicsacongreso.com\/pt-br\/wp-json\/wp\/v2\/comments\/?post=3071"}],"version-history":[{"count":21,"href":"https:\/\/www.apicsacongreso.com\/pt-br\/wp-json\/wp\/v2\/pages\/3071\/revisions\/"}],"predecessor-version":[{"id":9775,"href":"https:\/\/www.apicsacongreso.com\/pt-br\/wp-json\/wp\/v2\/pages\/3071\/revisions\/9775\/"}],"wp:attachment":[{"href":"https:\/\/www.apicsacongreso.com\/pt-br\/wp-json\/wp\/v2\/media\/?parent=3071"}],"curies":[{"name":"wp","href":"https:\/\/api.w.org\/{rel}","templated":true}]}}