{"id":3078,"date":"2019-01-09T13:33:05","date_gmt":"2019-01-09T12:33:05","guid":{"rendered":"https:\/\/www.apicsacongreso.com\/membrecia-apicsa\/"},"modified":"2023-08-29T14:11:40","modified_gmt":"2023-08-29T12:11:40","slug":"membrecia-apicsa","status":"publish","type":"page","link":"https:\/\/www.apicsacongreso.com\/pt-br\/membrecia-apicsa\/","title":{"rendered":"Afilia\u00e7\u00e3o APICSA"},"content":{"rendered":"<div class=\"fusion-fullwidth fullwidth-box nonhundred-percent-fullwidth non-hundred-percent-height-scrolling\"  style='background-color: #fafafa;background-position: center center;background-repeat: no-repeat;padding-top:40px;padding-right:0px;padding-bottom:100px;padding-left:0px;'><div class=\"fusion-builder-row fusion-row \"><div  class=\"fusion-layout-column fusion_builder_column fusion_builder_column_3_4  fusion-three-fourth fusion-column-first 3_4\"  style='margin-top:0px;margin-bottom:20px;width:75%;width:calc(75% - ( ( 4% ) * 0.75 ) );margin-right: 4%;'>\n\t\t\t\t\t<div class=\"fusion-column-wrapper\" style=\"padding: 20px 0px 0px 0px;background-position:left top;background-repeat:no-repeat;-webkit-background-size:cover;-moz-background-size:cover;-o-background-size:cover;background-size:cover;\"  data-bg-url=\"\">\n\t\t\t\t\t\t<div class=\"fusion-text\"><p>A <em>Associa\u00e7\u00e3o Psicol\u00f3gica Ibero-Americana de Cl\u00ednica e Sa\u00fade<\/em> \u00e9 uma associa\u00e7\u00e3o criada com a ideia de aproximar psic\u00f3logos e outros profissionais ibero-americanos que estudam ou trabalham nas \u00e1reas de psicologia cl\u00ednica e da sa\u00fade, desde uma perspectiva comportamental ou cognitivo-comportamental.<\/p>\n<p>Se voc\u00ea optar por afiliar-se \u00e0 <em>Associa\u00e7\u00e3o Psicol\u00f3gica Ibero-Americana de Cl\u00ednica e Sa\u00fade<\/em> (APICSA) no momento de realizar sua inscri\u00e7\u00e3o do Congresso, poder\u00e1 pagar um valor menor que o habitual. Aproveite o desconto. O pagamento ser\u00e1 realizado em euros.<\/p>\n<\/div><div class=\"fusion-title title fusion-sep-none fusion-title-size-four\" style=\"margin-top:50px;margin-bottom:30px;\"><h4 class=\"title-heading-left\">Algumas das vantagens de pertencer \u00e0 Apicsa<\/h4><\/div><ul class=\"fusion-checklist fusion-checklist-1\" style=\"font-size:20px;line-height:34px;\"><li class=\"fusion-li-item\"><span style=\"height:34px;width:34px;margin-right:14px;\" class=\"icon-wrapper circle-no\"><i class=\"fusion-li-icon fa-check fas\" style=\"color:#d81b60;\"><\/i><\/span><div class=\"fusion-li-item-content\" style=\"margin-left:48px;\">\n<p class=\"p1\"><span class=\"s1\">Estar comunicado com profissionais interessados em Psicologia Cl\u00ednica e da Sa\u00fade de, pelo menos, 23 pa\u00edses.<\/span><\/p>\n<\/div><\/li><li class=\"fusion-li-item\"><span style=\"height:34px;width:34px;margin-right:14px;\" class=\"icon-wrapper circle-no\"><i class=\"fusion-li-icon fa-check fas\" style=\"color:#d81b60;\"><\/i><\/span><div class=\"fusion-li-item-content\" style=\"margin-left:48px;\">\n<p class=\"p1\"><span class=\"s1\">Receber a revista Behavioral Psychology\/Psicolog\u00eda Conductual de forma gratuita (s\u00e3o publicadas 3 edi\u00e7\u00f5es por ano) em formato PDF. Esta \u00e9 uma das poucas revistas em espanhol sobre Psicologia Cl\u00ednica e da Sa\u00fade, que t\u00eam um \u00edndice impacto importante. O fator de <strong>impacto JCR<\/strong> em 2022 foi de 1,11 e tem <strong>qualifica\u00e7\u00e3o A<\/strong> no Qualis.<\/span><\/p>\n<\/div><\/li><li class=\"fusion-li-item\"><span style=\"height:34px;width:34px;margin-right:14px;\" class=\"icon-wrapper circle-no\"><i class=\"fusion-li-icon fa-check fas\" style=\"color:#d81b60;\"><\/i><\/span><div class=\"fusion-li-item-content\" style=\"margin-left:48px;\">\n<p class=\"p1\"><span class=\"s1\">Acesso livre a todos os n\u00fameros da revista <em>Behavioral Psychology\/Psicologia Conductual<\/em> publicados no site<\/span><\/p>\n<\/div><\/li><li class=\"fusion-li-item\"><span style=\"height:34px;width:34px;margin-right:14px;\" class=\"icon-wrapper circle-no\"><i class=\"fusion-li-icon fa-check fas\" style=\"color:#d81b60;\"><\/i><\/span><div class=\"fusion-li-item-content\" style=\"margin-left:48px;\">\n<p class=\"p1\"><span class=\"s1\">Descontos nos Congresso organizados pela associa\u00e7\u00e3o, bem como outras atividades cient\u00edficas que apoiadas pela APICSA. Se opta por tornar-se membro da Apicsa, poder\u00e1, imediatamente, aproveitar este benef\u00edcio e realizar sua inscri\u00e7\u00e3o no <strong>X Congresso Ibero Americano de Psicologia Cl\u00ednica e da Sa\u00fade<\/strong> como membro.<\/span><\/p>\n<\/div><\/li><li class=\"fusion-li-item\"><span style=\"height:34px;width:34px;margin-right:14px;\" class=\"icon-wrapper circle-no\"><i class=\"fusion-li-icon fa-check fas\" style=\"color:#d81b60;\"><\/i><\/span><div class=\"fusion-li-item-content\" style=\"margin-left:48px;\">\n<p class=\"p1\"><span class=\"s1\">Pedir colabora\u00e7\u00e3o para suas pesquisas e\/ou colaborar em estudos propostos por outros membros.<\/span><\/p>\n<\/div><\/li><\/ul><div class=\"fusion-sep-clear\"><\/div><div class=\"fusion-separator fusion-full-width-sep sep-none\" style=\"margin-left: auto;margin-right: auto;margin-top:30px;margin-bottom:30px;\"><\/div><div class=\"fusion-text\"><p><strong>Quando se inscrever<\/strong> no congresso, voc\u00ea ter\u00e1 a op\u00e7\u00e3o de se tornar um membro da associa\u00e7\u00e3o e obter seu desconto na inscri\u00e7\u00e3o para o congresso e workshops.<\/p>\n<\/div><div class=\"fusion-clearfix\"><\/div>\n\n\t\t\t\t\t<\/div>\n\t\t\t\t<\/div><div  class=\"fusion-layout-column fusion_builder_column fusion_builder_column_1_4  fusion-one-fourth fusion-column-last 1_4\"  style='margin-top:0px;margin-bottom:20px;width:25%;width:calc(25% - ( ( 4% ) * 0.25 ) );'>\n\t\t\t\t\t<div class=\"fusion-column-wrapper\" style=\"padding: 0px 0px 0px 0px;background-position:left top;background-repeat:no-repeat;-webkit-background-size:cover;-moz-background-size:cover;-o-background-size:cover;background-size:cover;\"  data-bg-url=\"\">\n\t\t\t\t\t\t<div class=\"fusion-widget-area fusion-widget-area-1 fusion-content-widget-area\"><style type=\"text\/css\" scoped=\"scoped\">.fusion-widget-area-1 {padding:0px 0px 0px 0px;}.fusion-widget-area-1 .widget h4 {color:#161616;}.fusion-widget-area-1 .widget .heading h4 {color:#161616;}.fusion-widget-area-1 .widget h4 {font-size:16px;}.fusion-widget-area-1 .widget .heading h4 {font-size:16px;}<\/style><div id=\"avada-vertical-menu-widget-4\" class=\"widget avada_vertical_menu\"><div class=\"heading\"><h4 class=\"widget-title\">M\u00c1S INFORMACI\u00d3N<\/h4><\/div><style>#avada-vertical-menu-widget-4 ul.menu li a {font-size:16px;}<\/style><nav id=\"fusion-avada-vertical-menu-widget-4\" class=\"fusion-vertical-menu-widget fusion-menu click left no-border\"><ul id=\"menu-informacion-portugues-brasil\" class=\"menu\"><li id=\"menu-item-3282\" class=\"menu-item menu-item-type-post_type menu-item-object-page menu-item-3282\"><a href=\"https:\/\/www.apicsacongreso.com\/pt-br\/membrecia-apicsa\/\"><span class=\"link-text\"> Afilia\u00e7\u00e3o APICSA<\/span><span class=\"arrow\"><\/span><\/a><\/li><li id=\"menu-item-3283\" class=\"menu-item menu-item-type-post_type menu-item-object-page menu-item-3283\"><a href=\"https:\/\/www.apicsacongreso.com\/pt-br\/universidade-de-granada\/\"><span class=\"link-text\"> Universidade de Granada<\/span><span class=\"arrow\"><\/span><\/a><\/li><li id=\"menu-item-3284\" class=\"menu-item menu-item-type-post_type menu-item-object-page menu-item-3284\"><a href=\"https:\/\/www.apicsacongreso.com\/pt-br\/a-cidade-de-granada\/\"><span class=\"link-text\"> A cidade de Granada<\/span><span class=\"arrow\"><\/span><\/a><\/li><li id=\"menu-item-3285\" class=\"menu-item menu-item-type-post_type menu-item-object-page menu-item-3285\"><a href=\"https:\/\/www.apicsacongreso.com\/pt-br\/info-libre-1\/\"><span class=\"link-text\"> Programa IMAS<\/span><span class=\"arrow\"><\/span><\/a><\/li><li id=\"menu-item-3286\" class=\"menu-item menu-item-type-post_type menu-item-object-page menu-item-3286\"><a href=\"https:\/\/www.apicsacongreso.com\/pt-br\/info-libre-2\/\"><span class=\"link-text\"> Apresenta\u00e7\u00e3o de livros<\/span><span class=\"arrow\"><\/span><\/a><\/li><li id=\"menu-item-3287\" class=\"menu-item menu-item-type-post_type menu-item-object-page menu-item-3287\"><a href=\"https:\/\/www.apicsacongreso.com\/pt-br\/faqs\/\"><span class=\"link-text\"> FAQs<\/span><span class=\"arrow\"><\/span><\/a><\/li><\/ul><\/nav><\/div><div class=\"fusion-additional-widget-content\"><\/div><\/div><div class=\"fusion-clearfix\"><\/div>\n\n\t\t\t\t\t<\/div>\n\t\t\t\t<\/div><\/div><\/div>\n","protected":false},"excerpt":{"rendered":"","protected":false},"author":1,"featured_media":0,"parent":0,"menu_order":0,"comment_status":"closed","ping_status":"closed","template":"100-width.php","meta":{"_mi_skip_tracking":false},"_links":{"self":[{"href":"https:\/\/www.apicsacongreso.com\/pt-br\/wp-json\/wp\/v2\/pages\/3078\/"}],"collection":[{"href":"https:\/\/www.apicsacongreso.com\/pt-br\/wp-json\/wp\/v2\/pages\/"}],"about":[{"href":"https:\/\/www.apicsacongreso.com\/pt-br\/wp-json\/wp\/v2\/types\/page\/"}],"author":[{"embeddable":true,"href":"https:\/\/www.apicsacongreso.com\/pt-br\/wp-json\/wp\/v2\/users\/1\/"}],"replies":[{"embeddable":true,"href":"https:\/\/www.apicsacongreso.com\/pt-br\/wp-json\/wp\/v2\/comments\/?post=3078"}],"version-history":[{"count":4,"href":"https:\/\/www.apicsacongreso.com\/pt-br\/wp-json\/wp\/v2\/pages\/3078\/revisions\/"}],"predecessor-version":[{"id":6670,"href":"https:\/\/www.apicsacongreso.com\/pt-br\/wp-json\/wp\/v2\/pages\/3078\/revisions\/6670\/"}],"wp:attachment":[{"href":"https:\/\/www.apicsacongreso.com\/pt-br\/wp-json\/wp\/v2\/media\/?parent=3078"}],"curies":[{"name":"wp","href":"https:\/\/api.w.org\/{rel}","templated":true}]}}