{"id":3094,"date":"2019-01-21T17:55:20","date_gmt":"2019-01-21T16:55:20","guid":{"rendered":"https:\/\/www.apicsacongreso.com\/info-libre-1\/"},"modified":"2023-08-30T10:41:32","modified_gmt":"2023-08-30T08:41:32","slug":"info-libre-1","status":"publish","type":"page","link":"https:\/\/www.apicsacongreso.com\/pt-br\/info-libre-1\/","title":{"rendered":"Programa IMAS"},"content":{"rendered":"<div class=\"fusion-fullwidth fullwidth-box nonhundred-percent-fullwidth non-hundred-percent-height-scrolling\"  style='background-color: #fafafa;background-position: center center;background-repeat: no-repeat;padding-top:40px;padding-right:0px;padding-bottom:100px;padding-left:0px;'><div class=\"fusion-builder-row fusion-row \"><div  class=\"fusion-layout-column fusion_builder_column fusion_builder_column_3_4  fusion-three-fourth fusion-column-first 3_4\"  style='margin-top:0px;margin-bottom:20px;width:75%;width:calc(75% - ( ( 4% ) * 0.75 ) );margin-right: 4%;'>\n\t\t\t\t\t<div class=\"fusion-column-wrapper\" style=\"padding: 20px 0px 0px 0px;background-position:left top;background-repeat:no-repeat;-webkit-background-size:cover;-moz-background-size:cover;-o-background-size:cover;background-size:cover;\"  data-bg-url=\"\">\n\t\t\t\t\t\t<div class=\"fusion-text\"><p><img loading=\"lazy\" class=\"alignnone size-medium wp-image-6695 aligncenter\" src=\"https:\/\/www.apicsacongreso.com\/wp-content\/uploads\/2023\/08\/Programa-IMAS-1-300x217.jpg\" alt=\"\" width=\"300\" height=\"217\" srcset=\"https:\/\/www.apicsacongreso.com\/wp-content\/uploads\/2023\/08\/Programa-IMAS-1-200x145.jpg 200w, https:\/\/www.apicsacongreso.com\/wp-content\/uploads\/2023\/08\/Programa-IMAS-1-300x217.jpg 300w, https:\/\/www.apicsacongreso.com\/wp-content\/uploads\/2023\/08\/Programa-IMAS-1-400x289.jpg 400w, https:\/\/www.apicsacongreso.com\/wp-content\/uploads\/2023\/08\/Programa-IMAS-1-500x361.jpg 500w, https:\/\/www.apicsacongreso.com\/wp-content\/uploads\/2023\/08\/Programa-IMAS-1-600x434.jpg 600w, https:\/\/www.apicsacongreso.com\/wp-content\/uploads\/2023\/08\/Programa-IMAS-1-700x506.jpg 700w, https:\/\/www.apicsacongreso.com\/wp-content\/uploads\/2023\/08\/Programa-IMAS-1-768x555.jpg 768w, https:\/\/www.apicsacongreso.com\/wp-content\/uploads\/2023\/08\/Programa-IMAS-1-800x578.jpg 800w, https:\/\/www.apicsacongreso.com\/wp-content\/uploads\/2023\/08\/Programa-IMAS-1-1024x740.jpg 1024w, https:\/\/www.apicsacongreso.com\/wp-content\/uploads\/2023\/08\/Programa-IMAS-1-1200x867.jpg 1200w, https:\/\/www.apicsacongreso.com\/wp-content\/uploads\/2023\/08\/Programa-IMAS-1.jpg 1288w\" sizes=\"(max-width: 300px) 100vw, 300px\" \/><\/p>\n<p>Durante o <em>X Congresso Ibero-Americano de Psicologia Cl\u00ednica e da Sa\u00fade<\/em> ser\u00e1 presentado o programa de <strong>Interven\u00e7\u00e3o muntidimensional para ansiedade social (IMAS)<\/strong> em <strong>Espanhol, Portugu\u00eas e Ingl\u00eas<\/strong>. Este programa \u00e9 composto por dois livros (terapeuta e paciente) e atualmente est\u00e1 sendo aplicado na Espanha e em v\u00e1rios pa\u00edses da Am\u00e9rica Latina.<\/p>\n<p>O programa IMAS reflete o trabalho que durante mais de 15 anos nosso grupo tem realizado sobre a ansiedade social em Espanha, Portugal e 18 pa\u00edses ibero-americanos. Os resultados desta pesquisa t\u00eam sido a base para o desenvolvimento do programa atual de <strong>Interven\u00e7\u00e3o multidimensional para a ansiedade social (IMAS)<\/strong>. Este programa, \u00fanico a n\u00edvel internacional, combina t\u00e9cnicas tradicionais da terapia cognitivo-comportamental, como a reestrutura\u00e7\u00e3o cognitiva, a exposi\u00e7\u00e3o ou o treinamento em habilidades sociais, com processos de denominadas terapias de terceira gera\u00e7\u00e3o, como a aceita\u00e7\u00e3o, a desvincula\u00e7\u00e3o dos pensamentos ou a aten\u00e7\u00e3o plena (<em>mindfulness<\/em>).<\/p>\n<p>Durante o congresso, os professores Vicente E. Caballo e Isabel C. Salazar explicar\u00e3o em detalhe como implementar o <strong>programa IMAS<\/strong> em um workshop e apresentar\u00e1 os seus pontos principais em uma confer\u00eancia.<\/p>\n<p>Aqueles psic\u00f3logos cl\u00ednicos interessados em aplicar em seu pa\u00eds o programa para pessoas com problemas importantes de ansiedade social (fobia social) entrar em contato antes do congresso (ou durante o mesmo) com os autores do programa no e-mail: <strong>clinica.funveca@msn.com<\/strong><\/p>\n<\/div><div class=\"fusion-clearfix\"><\/div>\n\n\t\t\t\t\t<\/div>\n\t\t\t\t<\/div><div  class=\"fusion-layout-column fusion_builder_column fusion_builder_column_1_4  fusion-one-fourth fusion-column-last 1_4\"  style='margin-top:0px;margin-bottom:20px;width:25%;width:calc(25% - ( ( 4% ) * 0.25 ) );'>\n\t\t\t\t\t<div class=\"fusion-column-wrapper\" style=\"padding: 0px 0px 0px 0px;background-position:left top;background-repeat:no-repeat;-webkit-background-size:cover;-moz-background-size:cover;-o-background-size:cover;background-size:cover;\"  data-bg-url=\"\">\n\t\t\t\t\t\t<div class=\"fusion-widget-area fusion-widget-area-1 fusion-content-widget-area\"><style type=\"text\/css\" scoped=\"scoped\">.fusion-widget-area-1 {padding:0px 0px 0px 0px;}.fusion-widget-area-1 .widget h4 {color:#161616;}.fusion-widget-area-1 .widget .heading h4 {color:#161616;}.fusion-widget-area-1 .widget h4 {font-size:16px;}.fusion-widget-area-1 .widget .heading h4 {font-size:16px;}<\/style><div id=\"avada-vertical-menu-widget-4\" class=\"widget avada_vertical_menu\"><div class=\"heading\"><h4 class=\"widget-title\">M\u00c1S INFORMACI\u00d3N<\/h4><\/div><style>#avada-vertical-menu-widget-4 ul.menu li a {font-size:16px;}<\/style><nav id=\"fusion-avada-vertical-menu-widget-4\" class=\"fusion-vertical-menu-widget fusion-menu click left no-border\"><ul id=\"menu-informacion-portugues-brasil\" class=\"menu\"><li id=\"menu-item-3282\" class=\"menu-item menu-item-type-post_type menu-item-object-page menu-item-3282\"><a href=\"https:\/\/www.apicsacongreso.com\/pt-br\/membrecia-apicsa\/\"><span class=\"link-text\"> Afilia\u00e7\u00e3o APICSA<\/span><span class=\"arrow\"><\/span><\/a><\/li><li id=\"menu-item-3283\" class=\"menu-item menu-item-type-post_type menu-item-object-page menu-item-3283\"><a href=\"https:\/\/www.apicsacongreso.com\/pt-br\/universidade-de-granada\/\"><span class=\"link-text\"> Universidade de Granada<\/span><span class=\"arrow\"><\/span><\/a><\/li><li id=\"menu-item-3284\" class=\"menu-item menu-item-type-post_type menu-item-object-page menu-item-3284\"><a href=\"https:\/\/www.apicsacongreso.com\/pt-br\/a-cidade-de-granada\/\"><span class=\"link-text\"> A cidade de Granada<\/span><span class=\"arrow\"><\/span><\/a><\/li><li id=\"menu-item-3285\" class=\"menu-item menu-item-type-post_type menu-item-object-page menu-item-3285\"><a href=\"https:\/\/www.apicsacongreso.com\/pt-br\/info-libre-1\/\"><span class=\"link-text\"> Programa IMAS<\/span><span class=\"arrow\"><\/span><\/a><\/li><li id=\"menu-item-3286\" class=\"menu-item menu-item-type-post_type menu-item-object-page menu-item-3286\"><a href=\"https:\/\/www.apicsacongreso.com\/pt-br\/info-libre-2\/\"><span class=\"link-text\"> Apresenta\u00e7\u00e3o de livros<\/span><span class=\"arrow\"><\/span><\/a><\/li><li id=\"menu-item-3287\" class=\"menu-item menu-item-type-post_type menu-item-object-page menu-item-3287\"><a href=\"https:\/\/www.apicsacongreso.com\/pt-br\/faqs\/\"><span class=\"link-text\"> FAQs<\/span><span class=\"arrow\"><\/span><\/a><\/li><\/ul><\/nav><\/div><div class=\"fusion-additional-widget-content\"><\/div><\/div><div class=\"fusion-clearfix\"><\/div>\n\n\t\t\t\t\t<\/div>\n\t\t\t\t<\/div><\/div><\/div>\n","protected":false},"excerpt":{"rendered":"","protected":false},"author":2,"featured_media":0,"parent":0,"menu_order":0,"comment_status":"closed","ping_status":"closed","template":"100-width.php","meta":{"_mi_skip_tracking":false},"_links":{"self":[{"href":"https:\/\/www.apicsacongreso.com\/pt-br\/wp-json\/wp\/v2\/pages\/3094\/"}],"collection":[{"href":"https:\/\/www.apicsacongreso.com\/pt-br\/wp-json\/wp\/v2\/pages\/"}],"about":[{"href":"https:\/\/www.apicsacongreso.com\/pt-br\/wp-json\/wp\/v2\/types\/page\/"}],"author":[{"embeddable":true,"href":"https:\/\/www.apicsacongreso.com\/pt-br\/wp-json\/wp\/v2\/users\/2\/"}],"replies":[{"embeddable":true,"href":"https:\/\/www.apicsacongreso.com\/pt-br\/wp-json\/wp\/v2\/comments\/?post=3094"}],"version-history":[{"count":8,"href":"https:\/\/www.apicsacongreso.com\/pt-br\/wp-json\/wp\/v2\/pages\/3094\/revisions\/"}],"predecessor-version":[{"id":6700,"href":"https:\/\/www.apicsacongreso.com\/pt-br\/wp-json\/wp\/v2\/pages\/3094\/revisions\/6700\/"}],"wp:attachment":[{"href":"https:\/\/www.apicsacongreso.com\/pt-br\/wp-json\/wp\/v2\/media\/?parent=3094"}],"curies":[{"name":"wp","href":"https:\/\/api.w.org\/{rel}","templated":true}]}}