{"id":3100,"date":"2019-01-21T17:56:14","date_gmt":"2019-01-21T16:56:14","guid":{"rendered":"https:\/\/www.apicsacongreso.com\/info-libre-2\/"},"modified":"2023-10-07T11:16:11","modified_gmt":"2023-10-07T09:16:11","slug":"info-libre-2","status":"publish","type":"page","link":"https:\/\/www.apicsacongreso.com\/pt-br\/info-libre-2\/","title":{"rendered":"Apresenta\u00e7\u00e3o de livros"},"content":{"rendered":"<div class=\"fusion-fullwidth fullwidth-box nonhundred-percent-fullwidth non-hundred-percent-height-scrolling\"  style='background-color: #fafafa;background-position: center center;background-repeat: no-repeat;padding-top:40px;padding-right:0px;padding-bottom:100px;padding-left:0px;'><div class=\"fusion-builder-row fusion-row \"><div  class=\"fusion-layout-column fusion_builder_column fusion_builder_column_3_4  fusion-three-fourth fusion-column-first 3_4\"  style='margin-top:0px;margin-bottom:20px;width:75%;width:calc(75% - ( ( 4% ) * 0.75 ) );margin-right: 4%;'>\n\t\t\t\t\t<div class=\"fusion-column-wrapper\" style=\"padding: 20px 0px 0px 0px;background-position:left top;background-repeat:no-repeat;-webkit-background-size:cover;-moz-background-size:cover;-o-background-size:cover;background-size:cover;\"  data-bg-url=\"\">\n\t\t\t\t\t\t<div class=\"fusion-text\"><p><img loading=\"lazy\" class=\"size-400 wp-image-1489 aligncenter\" src=\"https:\/\/www.apicsacongreso.com\/wp-content\/uploads\/2019\/02\/Canto-libros-3c-400x252.jpg\" alt=\"\" width=\"400\" height=\"252\" srcset=\"https:\/\/www.apicsacongreso.com\/wp-content\/uploads\/2019\/02\/Canto-libros-3c-200x126.jpg 200w, https:\/\/www.apicsacongreso.com\/wp-content\/uploads\/2019\/02\/Canto-libros-3c-300x189.jpg 300w, https:\/\/www.apicsacongreso.com\/wp-content\/uploads\/2019\/02\/Canto-libros-3c-320x202.jpg 320w, https:\/\/www.apicsacongreso.com\/wp-content\/uploads\/2019\/02\/Canto-libros-3c-400x252.jpg 400w, https:\/\/www.apicsacongreso.com\/wp-content\/uploads\/2019\/02\/Canto-libros-3c-500x315.jpg 500w, https:\/\/www.apicsacongreso.com\/wp-content\/uploads\/2019\/02\/Canto-libros-3c.jpg 516w\" sizes=\"(max-width: 400px) 100vw, 400px\" \/><\/p>\n<p><strong>Durante o congresso estar\u00e3o \u00e0 venda os livros dos palestrantes principais assim como de outros participantes no evento.<\/strong><\/p>\n<p>Os autores, palestrantes ou inscritos no congresso, que tenham interesse em apresentar seus livros (publicados entre 2018 e 2024) aos participantes do evento que escrevam para o e-mail do congresso (<strong>apicsacongreso@msn.com<\/strong>) comunicando-o. Esses autores ter\u00e3o um espa\u00e7o para faz\u00ea-lo.<\/p>\n<p>Alguns dos livros a serem apresentados no <em>X Congresso Ibero-Americano de Psicologia Cl\u00ednica e da Sa\u00fade<\/em>:<\/p>\n<p><strong><img loading=\"lazy\" class=\"size-full wp-image-1482 alignleft\" src=\"https:\/\/www.apicsacongreso.com\/wp-content\/uploads\/2019\/02\/Libro-del-paciente-IMAS-web-APICSA-4.jpg\" alt=\"\" width=\"50\" height=\"74\" \/>Caballo, V. E., Salazar, I. C. e Garrido, L.<\/strong> (2021). <em>Programa de Interven\u00e7\u00e3o multidimensional para a ansiedade social (IMAS): livro do paciente.<\/em> Novo Hamburgo, Brasil: Sinopsys Editora.<\/p>\n<p><strong><img loading=\"lazy\" class=\"size-full wp-image-1485 alignleft\" src=\"https:\/\/www.apicsacongreso.com\/wp-content\/uploads\/2019\/02\/Libro-del-terapeuta-IMAS-web-APICSA-4.jpg\" alt=\"\" width=\"50\" height=\"74\" \/>Caballo, V. E., Salazar, I. C., Garrido, L., Irurtia, M. J. e Hofmann, S. H.<\/strong> (2021). <em>Programa de Interven\u00e7\u00e3o multidimensional para a ansiedade social (IMAS): livro do terapeuta.<\/em> Novo Hamburgo, Brasil: Sinopsys Editora.<\/p>\n<p><strong><img loading=\"lazy\" class=\"size-medium wp-image-3596 alignleft\" src=\"https:\/\/www.apicsacongreso.com\/wp-content\/uploads\/2019\/05\/Ingenuos-color-300_30-191x300.jpg\" alt=\"\" width=\"50\" height=\"74\" \/>Caballo, V. E. e Salazar, I. C.<\/strong> (2019). <em>Ing\u00eanuos. O engano das terapias alternativas.<\/em> Madrid: Siglo XXI (em espanhol).<\/p>\n<\/div><div class=\"fusion-clearfix\"><\/div>\n\n\t\t\t\t\t<\/div>\n\t\t\t\t<\/div><div  class=\"fusion-layout-column fusion_builder_column fusion_builder_column_1_4  fusion-one-fourth fusion-column-last 1_4\"  style='margin-top:0px;margin-bottom:20px;width:25%;width:calc(25% - ( ( 4% ) * 0.25 ) );'>\n\t\t\t\t\t<div class=\"fusion-column-wrapper\" style=\"padding: 0px 0px 0px 0px;background-position:left top;background-repeat:no-repeat;-webkit-background-size:cover;-moz-background-size:cover;-o-background-size:cover;background-size:cover;\"  data-bg-url=\"\">\n\t\t\t\t\t\t<div class=\"fusion-widget-area fusion-widget-area-1 fusion-content-widget-area\"><style type=\"text\/css\" scoped=\"scoped\">.fusion-widget-area-1 {padding:0px 0px 0px 0px;}.fusion-widget-area-1 .widget h4 {color:#161616;}.fusion-widget-area-1 .widget .heading h4 {color:#161616;}.fusion-widget-area-1 .widget h4 {font-size:16px;}.fusion-widget-area-1 .widget .heading h4 {font-size:16px;}<\/style><div id=\"avada-vertical-menu-widget-4\" class=\"widget avada_vertical_menu\"><div class=\"heading\"><h4 class=\"widget-title\">M\u00c1S INFORMACI\u00d3N<\/h4><\/div><style>#avada-vertical-menu-widget-4 ul.menu li a {font-size:16px;}<\/style><nav id=\"fusion-avada-vertical-menu-widget-4\" class=\"fusion-vertical-menu-widget fusion-menu click left no-border\"><ul id=\"menu-informacion-portugues-brasil\" class=\"menu\"><li id=\"menu-item-3282\" class=\"menu-item menu-item-type-post_type menu-item-object-page menu-item-3282\"><a href=\"https:\/\/www.apicsacongreso.com\/pt-br\/membrecia-apicsa\/\"><span class=\"link-text\"> Afilia\u00e7\u00e3o APICSA<\/span><span class=\"arrow\"><\/span><\/a><\/li><li id=\"menu-item-3283\" class=\"menu-item menu-item-type-post_type menu-item-object-page menu-item-3283\"><a href=\"https:\/\/www.apicsacongreso.com\/pt-br\/universidade-de-granada\/\"><span class=\"link-text\"> Universidade de Granada<\/span><span class=\"arrow\"><\/span><\/a><\/li><li id=\"menu-item-3284\" class=\"menu-item menu-item-type-post_type menu-item-object-page menu-item-3284\"><a href=\"https:\/\/www.apicsacongreso.com\/pt-br\/a-cidade-de-granada\/\"><span class=\"link-text\"> A cidade de Granada<\/span><span class=\"arrow\"><\/span><\/a><\/li><li id=\"menu-item-3285\" class=\"menu-item menu-item-type-post_type menu-item-object-page menu-item-3285\"><a href=\"https:\/\/www.apicsacongreso.com\/pt-br\/info-libre-1\/\"><span class=\"link-text\"> Programa IMAS<\/span><span class=\"arrow\"><\/span><\/a><\/li><li id=\"menu-item-3286\" class=\"menu-item menu-item-type-post_type menu-item-object-page menu-item-3286\"><a href=\"https:\/\/www.apicsacongreso.com\/pt-br\/info-libre-2\/\"><span class=\"link-text\"> Apresenta\u00e7\u00e3o de livros<\/span><span class=\"arrow\"><\/span><\/a><\/li><li id=\"menu-item-3287\" class=\"menu-item menu-item-type-post_type menu-item-object-page menu-item-3287\"><a href=\"https:\/\/www.apicsacongreso.com\/pt-br\/faqs\/\"><span class=\"link-text\"> FAQs<\/span><span class=\"arrow\"><\/span><\/a><\/li><\/ul><\/nav><\/div><div class=\"fusion-additional-widget-content\"><\/div><\/div><div class=\"fusion-clearfix\"><\/div>\n\n\t\t\t\t\t<\/div>\n\t\t\t\t<\/div><\/div><\/div>\n","protected":false},"excerpt":{"rendered":"","protected":false},"author":2,"featured_media":0,"parent":0,"menu_order":0,"comment_status":"closed","ping_status":"closed","template":"100-width.php","meta":{"_mi_skip_tracking":false},"_links":{"self":[{"href":"https:\/\/www.apicsacongreso.com\/pt-br\/wp-json\/wp\/v2\/pages\/3100\/"}],"collection":[{"href":"https:\/\/www.apicsacongreso.com\/pt-br\/wp-json\/wp\/v2\/pages\/"}],"about":[{"href":"https:\/\/www.apicsacongreso.com\/pt-br\/wp-json\/wp\/v2\/types\/page\/"}],"author":[{"embeddable":true,"href":"https:\/\/www.apicsacongreso.com\/pt-br\/wp-json\/wp\/v2\/users\/2\/"}],"replies":[{"embeddable":true,"href":"https:\/\/www.apicsacongreso.com\/pt-br\/wp-json\/wp\/v2\/comments\/?post=3100"}],"version-history":[{"count":7,"href":"https:\/\/www.apicsacongreso.com\/pt-br\/wp-json\/wp\/v2\/pages\/3100\/revisions\/"}],"predecessor-version":[{"id":7709,"href":"https:\/\/www.apicsacongreso.com\/pt-br\/wp-json\/wp\/v2\/pages\/3100\/revisions\/7709\/"}],"wp:attachment":[{"href":"https:\/\/www.apicsacongreso.com\/pt-br\/wp-json\/wp\/v2\/media\/?parent=3100"}],"curies":[{"name":"wp","href":"https:\/\/api.w.org\/{rel}","templated":true}]}}